{"id":17,"date":"2026-03-11T09:02:56","date_gmt":"2026-03-11T12:02:56","guid":{"rendered":"https:\/\/bypanda.com.br\/bp\/?page_id=17"},"modified":"2026-04-01T08:00:33","modified_gmt":"2026-04-01T11:00:33","slug":"home","status":"publish","type":"page","link":"https:\/\/bypanda.com.br\/bp\/","title":{"rendered":"Home"},"content":{"rendered":"\t\t<div data-elementor-type=\"wp-page\" data-elementor-id=\"17\" class=\"elementor elementor-17\">\n\t\t\t\t<div class=\"elementor-element elementor-element-a965efb e-flex e-con-boxed e-con e-parent\" data-id=\"a965efb\" data-element_type=\"container\" data-e-type=\"container\">\n\t\t\t\t\t<div class=\"e-con-inner\">\n\t\t\t\t<div class=\"elementor-element elementor-element-a6214a6 elementor-widget elementor-widget-heading\" data-id=\"a6214a6\" data-element_type=\"widget\" data-e-type=\"widget\" data-widget_type=\"heading.default\">\n\t\t\t\t\t<h2 class=\"elementor-heading-title elementor-size-default\">Produtos em Destaque<\/h2>\t\t\t\t<\/div>\n\t\t\t\t\t<\/div>\n\t\t\t\t<\/div>\n\t\t<div class=\"elementor-element elementor-element-b5c187a e-flex e-con-boxed e-con e-parent\" data-id=\"b5c187a\" data-element_type=\"container\" data-e-type=\"container\" data-settings=\"{&quot;background_background&quot;:&quot;classic&quot;}\">\n\t\t\t\t\t<div class=\"e-con-inner\">\n\t\t\t\t<div class=\"elementor-element elementor-element-0596d9c elementor-widget elementor-widget-shopengine-product-list\" data-id=\"0596d9c\" data-element_type=\"widget\" data-e-type=\"widget\" data-settings=\"{&quot;show_product_hover_overlay&quot;:&quot;yes&quot;,&quot;product_hover_overlay_position&quot;:&quot;bottom&quot;}\" data-widget_type=\"shopengine-product-list.default\">\n\t\t\t\t\t<div class=\"shopengine shopengine-widget\"><\/div>\t\t\t\t<\/div>\n\t\t\t\t\t<\/div>\n\t\t\t\t<\/div>\n\t\t<div class=\"elementor-element elementor-element-1531ab2 e-flex e-con-boxed e-con e-parent\" data-id=\"1531ab2\" data-element_type=\"container\" data-e-type=\"container\" data-settings=\"{&quot;background_background&quot;:&quot;classic&quot;}\">\n\t\t\t\t\t<div class=\"e-con-inner\">\n\t\t\t\t<div class=\"elementor-element elementor-element-d46e1d2 elementor-widget elementor-widget-heading\" data-id=\"d46e1d2\" data-element_type=\"widget\" data-e-type=\"widget\" data-widget_type=\"heading.default\">\n\t\t\t\t\t<h2 class=\"elementor-heading-title elementor-size-default\">Grandes Marcas<\/h2>\t\t\t\t<\/div>\n\t\t\t\t\t<\/div>\n\t\t\t\t<\/div>\n\t\t<div class=\"elementor-element elementor-element-1a6e58f e-grid e-con-boxed e-con e-parent\" data-id=\"1a6e58f\" data-element_type=\"container\" data-e-type=\"container\" data-settings=\"{&quot;background_background&quot;:&quot;classic&quot;}\">\n\t\t\t\t\t<div class=\"e-con-inner\">\n\t\t\t\t<div class=\"elementor-element elementor-element-534b71f elementor-widget-mobile__width-inherit elementor-widget elementor-widget-image\" data-id=\"534b71f\" data-element_type=\"widget\" data-e-type=\"widget\" data-widget_type=\"image.default\">\n\t\t\t\t\t\t\t\t\t\t\t\t\t\t\t\t<a href=\"https:\/\/bypanda.com.br\/bp\/marca\/xray\/\">\n\t\t\t\t\t\t\t<img decoding=\"async\" src=\"https:\/\/bypanda.com.br\/bp\/wp-content\/uploads\/2026\/03\/Xray.png\" title=\"Xray\" alt=\"Xray\" loading=\"lazy\" \/>\t\t\t\t\t\t\t\t<\/a>\n\t\t\t\t\t\t\t\t\t\t\t\t\t\t\t<\/div>\n\t\t\t\t<div class=\"elementor-element elementor-element-c187830 elementor-widget-mobile__width-inherit elementor-widget elementor-widget-image\" data-id=\"c187830\" data-element_type=\"widget\" data-e-type=\"widget\" data-widget_type=\"image.default\">\n\t\t\t\t\t\t\t\t\t\t\t\t\t\t\t\t<a href=\"https:\/\/bypanda.com.br\/bp\/marca\/hudy\/\">\n\t\t\t\t\t\t\t<img decoding=\"async\" src=\"https:\/\/bypanda.com.br\/bp\/wp-content\/uploads\/2026\/03\/Hudy.png\" title=\"Hudy\" alt=\"Hudy\" loading=\"lazy\" \/>\t\t\t\t\t\t\t\t<\/a>\n\t\t\t\t\t\t\t\t\t\t\t\t\t\t\t<\/div>\n\t\t\t\t<div class=\"elementor-element elementor-element-716b343 elementor-widget-mobile__width-inherit elementor-widget elementor-widget-image\" data-id=\"716b343\" data-element_type=\"widget\" data-e-type=\"widget\" data-widget_type=\"image.default\">\n\t\t\t\t\t\t\t\t\t\t\t\t\t\t\t\t<a href=\"https:\/\/bypanda.com.br\/bp\/marca\/hobbywing\/\">\n\t\t\t\t\t\t\t<img decoding=\"async\" src=\"https:\/\/bypanda.com.br\/bp\/wp-content\/uploads\/2026\/03\/Hobbywing-1.png\" title=\"Hobbywing\" alt=\"Hobbywing\" loading=\"lazy\" \/>\t\t\t\t\t\t\t\t<\/a>\n\t\t\t\t\t\t\t\t\t\t\t\t\t\t\t<\/div>\n\t\t\t\t<div class=\"elementor-element elementor-element-7a23730 elementor-widget-mobile__width-inherit elementor-widget elementor-widget-image\" data-id=\"7a23730\" data-element_type=\"widget\" data-e-type=\"widget\" data-widget_type=\"image.default\">\n\t\t\t\t\t\t\t\t\t\t\t\t\t\t\t\t<a href=\"https:\/\/bypanda.com.br\/bp\/marca\/RwRacing\/\">\n\t\t\t\t\t\t\t<img decoding=\"async\" src=\"https:\/\/bypanda.com.br\/bp\/wp-content\/uploads\/2026\/03\/RwRacing.png\" title=\"RwRacing\" alt=\"RwRacing\" loading=\"lazy\" \/>\t\t\t\t\t\t\t\t<\/a>\n\t\t\t\t\t\t\t\t\t\t\t\t\t\t\t<\/div>\n\t\t\t\t\t<\/div>\n\t\t\t\t<\/div>\n\t\t\t\t<\/div>\n\t\t","protected":false},"excerpt":{"rendered":"<p>Produtos em Destaque Adicionar ao carrinho Eletr\u00f4nica 1up Heatsink Bullet Plugs &#8211; 5mm Avalia\u00e7\u00e3o 0 de 5(0) &#82;&#36;&nbsp;92,40 Adicionar ao carrinho Acess\u00f3rios T-Works Anodized Precision Balancing Brass Weights 5g (Low CG) Avalia\u00e7\u00e3o 0 de 5(0) &#82;&#36;&nbsp;43,48 Adicionar ao carrinho Acess\u00f3rios Screw Organizer Case Avalia\u00e7\u00e3o 0 de 5(0) &#82;&#36;&nbsp;54,35 Adicionar ao carrinho -5% Acess\u00f3rios Hudy Alu [&hellip;]<\/p>\n","protected":false},"author":1,"featured_media":0,"parent":0,"menu_order":0,"comment_status":"closed","ping_status":"closed","template":"elementor_header_footer","meta":{"footnotes":""},"class_list":["post-17","page","type-page","status-publish","hentry"],"_links":{"self":[{"href":"https:\/\/bypanda.com.br\/bp\/wp-json\/wp\/v2\/pages\/17","targetHints":{"allow":["GET"]}}],"collection":[{"href":"https:\/\/bypanda.com.br\/bp\/wp-json\/wp\/v2\/pages"}],"about":[{"href":"https:\/\/bypanda.com.br\/bp\/wp-json\/wp\/v2\/types\/page"}],"author":[{"embeddable":true,"href":"https:\/\/bypanda.com.br\/bp\/wp-json\/wp\/v2\/users\/1"}],"replies":[{"embeddable":true,"href":"https:\/\/bypanda.com.br\/bp\/wp-json\/wp\/v2\/comments?post=17"}],"version-history":[{"count":295,"href":"https:\/\/bypanda.com.br\/bp\/wp-json\/wp\/v2\/pages\/17\/revisions"}],"predecessor-version":[{"id":1352,"href":"https:\/\/bypanda.com.br\/bp\/wp-json\/wp\/v2\/pages\/17\/revisions\/1352"}],"wp:attachment":[{"href":"https:\/\/bypanda.com.br\/bp\/wp-json\/wp\/v2\/media?parent=17"}],"curies":[{"name":"wp","href":"https:\/\/api.w.org\/{rel}","templated":true}]}}