{"id":1035,"date":"2026-03-17T12:22:39","date_gmt":"2026-03-17T15:22:39","guid":{"rendered":"https:\/\/bypanda.com.br\/bp\/?post_type=product&#038;p=1035"},"modified":"2026-04-01T07:54:37","modified_gmt":"2026-04-01T10:54:37","slug":"ponta-de-reposicao-allen-ball-2-0mm-hudy","status":"publish","type":"product","link":"https:\/\/bypanda.com.br\/bp\/produto\/ponta-de-reposicao-allen-ball-2-0mm-hudy\/","title":{"rendered":"Ponta de reposi\u00e7\u00e3o Allen Ball 2.0mm &#8211; Hudy"},"content":{"rendered":"<div>Ponta de reposi\u00e7\u00e3o para chave Allen 2.0mm Ball<\/div>\n<div>Comprimento: 120mm<\/div>\n<div>Tamb\u00e9m serve em cabos de diversas marcas, como EDS, Allign, Turnigy e outras.<\/div>\n","protected":false},"excerpt":{"rendered":"<p>Ponta de reposi\u00e7\u00e3o para chave Allen 2.0mm Ball Comprimento: 120mm Tamb\u00e9m serve em cabos de diversas marcas, como EDS, Allign, Turnigy e outras.<\/p>\n","protected":false},"featured_media":1036,"template":"","meta":[],"product_brand":[26],"product_cat":[19],"product_tag":[38],"class_list":{"0":"post-1035","1":"product","2":"type-product","3":"status-publish","4":"has-post-thumbnail","6":"product_brand-hudy","7":"product_cat-ferramentas","8":"product_tag-hudy","10":"first","11":"instock","12":"shipping-taxable","13":"purchasable","14":"product-type-simple"},"_links":{"self":[{"href":"https:\/\/bypanda.com.br\/bp\/wp-json\/wp\/v2\/product\/1035","targetHints":{"allow":["GET"]}}],"collection":[{"href":"https:\/\/bypanda.com.br\/bp\/wp-json\/wp\/v2\/product"}],"about":[{"href":"https:\/\/bypanda.com.br\/bp\/wp-json\/wp\/v2\/types\/product"}],"wp:featuredmedia":[{"embeddable":true,"href":"https:\/\/bypanda.com.br\/bp\/wp-json\/wp\/v2\/media\/1036"}],"wp:attachment":[{"href":"https:\/\/bypanda.com.br\/bp\/wp-json\/wp\/v2\/media?parent=1035"}],"wp:term":[{"taxonomy":"product_brand","embeddable":true,"href":"https:\/\/bypanda.com.br\/bp\/wp-json\/wp\/v2\/product_brand?post=1035"},{"taxonomy":"product_cat","embeddable":true,"href":"https:\/\/bypanda.com.br\/bp\/wp-json\/wp\/v2\/product_cat?post=1035"},{"taxonomy":"product_tag","embeddable":true,"href":"https:\/\/bypanda.com.br\/bp\/wp-json\/wp\/v2\/product_tag?post=1035"}],"curies":[{"name":"wp","href":"https:\/\/api.w.org\/{rel}","templated":true}]}}