{"id":787,"date":"2026-03-16T16:15:58","date_gmt":"2026-03-16T19:15:58","guid":{"rendered":"https:\/\/bypanda.com.br\/bp\/?post_type=product&#038;p=787"},"modified":"2026-03-16T16:16:42","modified_gmt":"2026-03-16T19:16:42","slug":"screw-organizer-case","status":"publish","type":"product","link":"https:\/\/bypanda.com.br\/bp\/produto\/screw-organizer-case\/","title":{"rendered":"Screw Organizer Case"},"content":{"rendered":"<p>Caixa organizadora com medidor de parafusos M3 para facilitar sua vida!<\/p>\n<p>Dimens\u00f5es da caixa fechada:<br \/>\nComprimento: 116mm<br \/>\nLargura: 86mm<br \/>\nAltura: 28mm<\/p>\n<p>O exterior \u00e9 de pl\u00e1stico.<br \/>\nO interior \u00e9 feito na impressora 3D, com alta qualidade e excelente acabamento.<\/p>\n","protected":false},"excerpt":{"rendered":"<p>Caixa organizadora com medidor de parafusos M3 para facilitar sua vida! Dimens\u00f5es da caixa fechada: Comprimento: 116mm Largura: 86mm Altura: 28mm O exterior \u00e9 de pl\u00e1stico. O interior \u00e9 feito na impressora 3D, com alta qualidade e excelente acabamento.<\/p>\n","protected":false},"featured_media":788,"template":"","meta":[],"product_brand":[39],"product_cat":[16],"product_tag":[40],"class_list":{"0":"post-787","1":"product","2":"type-product","3":"status-publish","4":"has-post-thumbnail","6":"product_brand-fs","7":"product_cat-acessorios","8":"product_tag-fs","10":"first","11":"instock","12":"shipping-taxable","13":"purchasable","14":"product-type-simple"},"_links":{"self":[{"href":"https:\/\/bypanda.com.br\/bp\/wp-json\/wp\/v2\/product\/787","targetHints":{"allow":["GET"]}}],"collection":[{"href":"https:\/\/bypanda.com.br\/bp\/wp-json\/wp\/v2\/product"}],"about":[{"href":"https:\/\/bypanda.com.br\/bp\/wp-json\/wp\/v2\/types\/product"}],"wp:featuredmedia":[{"embeddable":true,"href":"https:\/\/bypanda.com.br\/bp\/wp-json\/wp\/v2\/media\/788"}],"wp:attachment":[{"href":"https:\/\/bypanda.com.br\/bp\/wp-json\/wp\/v2\/media?parent=787"}],"wp:term":[{"taxonomy":"product_brand","embeddable":true,"href":"https:\/\/bypanda.com.br\/bp\/wp-json\/wp\/v2\/product_brand?post=787"},{"taxonomy":"product_cat","embeddable":true,"href":"https:\/\/bypanda.com.br\/bp\/wp-json\/wp\/v2\/product_cat?post=787"},{"taxonomy":"product_tag","embeddable":true,"href":"https:\/\/bypanda.com.br\/bp\/wp-json\/wp\/v2\/product_tag?post=787"}],"curies":[{"name":"wp","href":"https:\/\/api.w.org\/{rel}","templated":true}]}}