{"id":789,"date":"2026-03-16T16:17:09","date_gmt":"2026-03-16T19:17:09","guid":{"rendered":"https:\/\/bypanda.com.br\/bp\/?post_type=product&#038;p=789"},"modified":"2026-03-16T16:18:27","modified_gmt":"2026-03-16T19:18:27","slug":"shock-parts-case","status":"publish","type":"product","link":"https:\/\/bypanda.com.br\/bp\/produto\/shock-parts-case\/","title":{"rendered":"Shock Parts Case"},"content":{"rendered":"<p>Caixa para molas e pe\u00e7as de amortecedores.<\/p>\n<p>Servem molas de at\u00e9 20mm de altura e di\u00e2metro interno m\u00ednimo de 13.5mm, ou seja, servem as molas da maioria dos carros el\u00e9tricos dos \u00faltimos anos, como Xray X4, ARC e outros.<\/p>\n<p>Dimens\u00f5es da caixa fechada:<br \/>\nComprimento: 105mm<br \/>\nLargura: 77mm<br \/>\nAltura: 26mm<\/p>\n<p>O exterior \u00e9 de pl\u00e1stico.<br \/>\nO interior \u00e9 feito na impressora 3D, com alta qualidade e excelente acabamento.<\/p>\n","protected":false},"excerpt":{"rendered":"<p>Caixa para molas e pe\u00e7as de amortecedores. Servem molas de at\u00e9 20mm de altura e di\u00e2metro interno m\u00ednimo de 13.5mm, ou seja, servem as molas da maioria dos carros el\u00e9tricos dos \u00faltimos anos, como Xray X4, ARC e outros. Dimens\u00f5es da caixa fechada: Comprimento: 105mm Largura: 77mm Altura: 26mm O exterior \u00e9 de pl\u00e1stico. O [&hellip;]<\/p>\n","protected":false},"featured_media":790,"template":"","meta":[],"product_brand":[39],"product_cat":[16],"product_tag":[40],"class_list":{"0":"post-789","1":"product","2":"type-product","3":"status-publish","4":"has-post-thumbnail","6":"product_brand-fs","7":"product_cat-acessorios","8":"product_tag-fs","10":"first","11":"instock","12":"shipping-taxable","13":"purchasable","14":"product-type-simple"},"_links":{"self":[{"href":"https:\/\/bypanda.com.br\/bp\/wp-json\/wp\/v2\/product\/789","targetHints":{"allow":["GET"]}}],"collection":[{"href":"https:\/\/bypanda.com.br\/bp\/wp-json\/wp\/v2\/product"}],"about":[{"href":"https:\/\/bypanda.com.br\/bp\/wp-json\/wp\/v2\/types\/product"}],"wp:featuredmedia":[{"embeddable":true,"href":"https:\/\/bypanda.com.br\/bp\/wp-json\/wp\/v2\/media\/790"}],"wp:attachment":[{"href":"https:\/\/bypanda.com.br\/bp\/wp-json\/wp\/v2\/media?parent=789"}],"wp:term":[{"taxonomy":"product_brand","embeddable":true,"href":"https:\/\/bypanda.com.br\/bp\/wp-json\/wp\/v2\/product_brand?post=789"},{"taxonomy":"product_cat","embeddable":true,"href":"https:\/\/bypanda.com.br\/bp\/wp-json\/wp\/v2\/product_cat?post=789"},{"taxonomy":"product_tag","embeddable":true,"href":"https:\/\/bypanda.com.br\/bp\/wp-json\/wp\/v2\/product_tag?post=789"}],"curies":[{"name":"wp","href":"https:\/\/api.w.org\/{rel}","templated":true}]}}